{"id":16,"date":"2018-11-28T08:57:21","date_gmt":"2018-11-28T08:57:21","guid":{"rendered":"https:\/\/drunkenbuddha.es\/?page_id=16"},"modified":"2021-02-28T15:25:23","modified_gmt":"2021-02-28T15:25:23","slug":"biografia","status":"publish","type":"page","link":"https:\/\/drunkenbuddha.es\/?page_id=16","title":{"rendered":"Biograf\u00eda"},"content":{"rendered":"<div class=\"entry-content\" style=\"padding-left: 15%; padding-right: 15%;\">\n<p><span style=\"color: #db4f3d;\"><strong>Drunken Buddha<\/strong><\/span> es un grupo de rock que se forma en <span style=\"color: #db4f3d;\">Gij\u00f3n<\/span> en el a\u00f1o 2012. Compuesto por m\u00fasicos veteranos de la escena asturiana que ya hab\u00edan pertenecido a otras formaciones, decidieron por amistad y afinidad musical juntarse para crear un proyecto a su gusto.<\/p>\n<p>Al mismo tiempo que componen temas propios, el grupo decide montar un repertorio con canciones de bandas cl\u00e1sicas como <span style=\"color: #db4f3d;\"><strong>Deep Purple<\/strong><\/span>, <span style=\"color: #db4f3d;\"><strong>Free<\/strong><\/span> o <span style=\"color: #db4f3d;\"><strong>Whitesnake<\/strong><\/span>, para moverse cuanto antes por salas locales, divertirse y compenetrarse. La banda se gana ah\u00ed la reputaci\u00f3n de gran banda de directo por sus en\u00e9rgicos y entretenidos shows.<\/p>\n<p>En septiembre del 2018 consiguen el segundo puesto en el <span style=\"color: #db4f3d;\"><strong>XXI Concurso de Rock Ciudad de Oviedo<\/strong><\/span> y gracias a ello pueden grabar su primer larga duraci\u00f3n.<\/p>\n<p>En diciembre de 2018, grabado, mezclado y masterizado en apenas un mes, sale a la luz el hom\u00f3nimo primer disco de la banda apoyado por el videoclip promocional <span style=\"color: #db4f3d;\">\u201c<strong>Medicine Man<\/strong>\u201d<\/span>.<\/p>\n<p>En 2019 se presentan a <span style=\"color: #db4f3d;\"><strong>WOA: Metal Battle Spain<\/strong><\/span>, se proclaman vencedores y viajan al m\u00edtico festival <span style=\"color: #db4f3d;\"><strong>Wacken Open Air de Alemania<\/strong><\/span> en donde consiguen un meritorio tercer puesto internacional. En septiembre se proclaman tambi\u00e9n ganadores del <span style=\"color: #db4f3d;\"><strong>FestiAmas<\/strong><\/span> y empiezan a preparar su segundo \u00e1lbum, a la vez que publican en su canal de Youtube su actuaci\u00f3n completa en Wacken.<\/p>\n<p>Tras m\u00faltiples retrasos, su segundo \u00e1lbum finalmente sale en diciembre del 2020, bajo el t\u00edtulo de <span style=\"color: #db4f3d;\">\u201c<strong>Drunken Buddha II<\/strong>\u201d<\/span>, apenas un mes despu\u00e9s presentan el videoclip de su tema <span style=\"color: #db4f3d;\">\u201c<strong>Hang\u00b4em high<\/strong>\u201d<\/span>.<\/p>\n<p>La banda est\u00e1 actualmente compuesta por:<\/p>\n<p><span style=\"color: #db4f3d;\"><strong>Michael Arthur Long<\/strong><\/span> &#8211; Voz<br \/><span style=\"color: #db4f3d;\"><strong>Mario Herrero <\/strong><\/span>&#8211; Teclados<br \/><span style=\"color: #db4f3d;\"><strong>Diego Riesgo<\/strong><\/span> &#8211; Guitarra<br \/><span style=\"color: #db4f3d;\"><strong>Fran Fidalgo<\/strong><\/span> &#8211; Bajo<br \/><span style=\"color: #db4f3d;\"><b>Kay Fern\u00e1ndez <\/b><\/span>&#8211; Bater\u00eda<\/p>\n<\/div>\n\n\n<div style=\"height:100px\" aria-hidden=\"true\" class=\"wp-block-spacer\"><\/div>\n","protected":false},"excerpt":{"rendered":"<p>Drunken Buddha es un grupo de rock que se forma en Gij\u00f3n en el a\u00f1o 2012. Compuesto por m\u00fasicos veteranos de la escena asturiana que ya hab\u00edan pertenecido a otras formaciones, decidieron por amistad y afinidad musical juntarse para crear<\/p>\n<p><a href=\"https:\/\/drunkenbuddha.es\/?page_id=16\" class=\"more-link\">Continuar leyendo<span class=\"screen-reader-text\">Biograf\u00eda<\/span><\/a><\/p>\n","protected":false},"author":2,"featured_media":0,"parent":0,"menu_order":0,"comment_status":"closed","ping_status":"closed","template":"","meta":{"footnotes":""},"class_list":["post-16","page","type-page","status-publish","hentry"],"_links":{"self":[{"href":"https:\/\/drunkenbuddha.es\/index.php?rest_route=\/wp\/v2\/pages\/16","targetHints":{"allow":["GET"]}}],"collection":[{"href":"https:\/\/drunkenbuddha.es\/index.php?rest_route=\/wp\/v2\/pages"}],"about":[{"href":"https:\/\/drunkenbuddha.es\/index.php?rest_route=\/wp\/v2\/types\/page"}],"author":[{"embeddable":true,"href":"https:\/\/drunkenbuddha.es\/index.php?rest_route=\/wp\/v2\/users\/2"}],"replies":[{"embeddable":true,"href":"https:\/\/drunkenbuddha.es\/index.php?rest_route=%2Fwp%2Fv2%2Fcomments&post=16"}],"version-history":[{"count":29,"href":"https:\/\/drunkenbuddha.es\/index.php?rest_route=\/wp\/v2\/pages\/16\/revisions"}],"predecessor-version":[{"id":593,"href":"https:\/\/drunkenbuddha.es\/index.php?rest_route=\/wp\/v2\/pages\/16\/revisions\/593"}],"wp:attachment":[{"href":"https:\/\/drunkenbuddha.es\/index.php?rest_route=%2Fwp%2Fv2%2Fmedia&parent=16"}],"curies":[{"name":"wp","href":"https:\/\/api.w.org\/{rel}","templated":true}]}}